{"id":7137,"date":"2021-11-26T14:37:44","date_gmt":"2021-11-26T09:37:44","guid":{"rendered":"https:\/\/jalalmalaksha.com\/?page_id=7137"},"modified":"2021-11-26T14:38:41","modified_gmt":"2021-11-26T09:38:41","slug":"%d8%af%db%8c%d9%85%d8%a7%d9%86%db%95","status":"publish","type":"page","link":"https:\/\/jalalmalaksha.com\/?page_id=7137&lang=kr","title":{"rendered":"Helbestan Celal Malek\u015fa"},"content":{"rendered":"<p><div   class='avia-fullscreen-slider main_color   avia-builder-el-0  el_before_av_section  avia-builder-el-first  container_wrap sidebar_right'  ><div  class='avia-slideshow av-kmdxdm6a-0095b768716f67dbcaa476cd83ed62ac avia-slideshow-extra_large av_fullscreen avia-slide-slider av-slideshow-ui av-control-default av-slideshow-manual av-loop-once av-loop-manual-endless av-default-height-applied   avia-slideshow-1' data-slideshow-options=\"{&quot;animation&quot;:&quot;slide&quot;,&quot;autoplay&quot;:false,&quot;loop_autoplay&quot;:&quot;once&quot;,&quot;interval&quot;:5,&quot;loop_manual&quot;:&quot;manual-endless&quot;,&quot;autoplay_stopper&quot;:false,&quot;noNavigation&quot;:false,&quot;bg_slider&quot;:true,&quot;keep_padding&quot;:false,&quot;hoverpause&quot;:false,&quot;show_slide_delay&quot;:0,&quot;slide_height&quot;:&quot;100&quot;,&quot;image_attachment&quot;:&quot;&quot;}\"  itemprop=\"image\" itemscope=\"itemscope\" itemtype=\"https:\/\/schema.org\/ImageObject\" ><ul class='avia-slideshow-inner ' style='padding-bottom: 47.777777777778%;'><li style='background-position:center center;' data-img-url='https:\/\/jalalmalaksha.com\/wp-content\/uploads\/2021\/03\/jalalmalaksha-official.jpg' class='avia-slideshow-slide av-kmdxdm6a-0095b768716f67dbcaa476cd83ed62ac__0  av-single-slide slide-1 slide-odd'><div data-rel='slideshow-1' class='avia-slide-wrap '   ><\/div><\/li><\/ul><\/div><\/div><br \/>\n<div id='av_section_1'  class='avia-section av-6zw5y2-5619ce26ff09609b01f13e40c39d9dd5 main_color avia-section-default avia-no-shadow  avia-builder-el-1  el_after_av_fullscreen  avia-builder-el-last  avia-bg-style-scroll container_wrap sidebar_right'  ><div class='container av-section-cont-open' ><div class='template-page content  av-content-small alpha units'><div class='post-entry post-entry-type-page post-entry-7137'><div class='entry-content-wrapper clearfix'>\n\n<style type=\"text\/css\" data-created_by=\"avia_inline_auto\" id=\"style-css-av-69gayy-c05f21461937ecc39e54aaecbe9b500c\">\n.flex_column.av-69gayy-c05f21461937ecc39e54aaecbe9b500c{\nborder-radius:0px 0px 0px 0px;\npadding:0px 0px 0px 0px;\n}\n<\/style>\n<div  class='flex_column av-69gayy-c05f21461937ecc39e54aaecbe9b500c av_one_full  avia-builder-el-2  avia-builder-el-no-sibling  first flex_column_div av-zero-column-padding  '     ><p>\n<style type=\"text\/css\" data-created_by=\"avia_inline_auto\" id=\"style-css-av-3x71fu-75879f2d4a15d92ca817583e09d3c9d2\">\n#top .av-special-heading.av-3x71fu-75879f2d4a15d92ca817583e09d3c9d2{\npadding-bottom:10px;\nfont-size:25px;\n}\nbody .av-special-heading.av-3x71fu-75879f2d4a15d92ca817583e09d3c9d2 .av-special-heading-tag .heading-char{\nfont-size:25px;\n}\n#top #wrap_all .av-special-heading.av-3x71fu-75879f2d4a15d92ca817583e09d3c9d2 .av-special-heading-tag{\nfont-size:25px;\n}\n.av-special-heading.av-3x71fu-75879f2d4a15d92ca817583e09d3c9d2 .av-subheading{\nfont-size:22px;\n}\n\n@media only screen and (min-width: 480px) and (max-width: 767px){ \n#top #wrap_all .av-special-heading.av-3x71fu-75879f2d4a15d92ca817583e09d3c9d2 .av-special-heading-tag{\nfont-size:0.8em;\n}\n}\n\n@media only screen and (max-width: 479px){ \n#top #wrap_all .av-special-heading.av-3x71fu-75879f2d4a15d92ca817583e09d3c9d2 .av-special-heading-tag{\nfont-size:0.8em;\n}\n}\n<\/style>\n<div  class='av-special-heading av-3x71fu-75879f2d4a15d92ca817583e09d3c9d2 av-special-heading-h1 blockquote modern-quote  avia-builder-el-3  el_before_av_hr  avia-builder-el-first  av-inherit-size'><h1 class='av-special-heading-tag'  itemprop=\"headline\"  >|\u25ba Helbestan<\/h1><div class='av-subheading av-subheading_below'><p>Em li ser malpera Celal Malek\u015fay\u00ea hewl didin ev Helbestan ku ber\u00ea di rojname \u00fb kovaran de hatine we\u015fandin kom bikin \u00fb bidin ber dest\u00ea xwendevan\u00ean malpera Celal\u00ea Melek\u015fay\u00ea<\/p>\n<\/div><div class=\"special-heading-border\"><div class=\"special-heading-inner-border\"><\/div><\/div><\/div><br \/>\n\n<style type=\"text\/css\" data-created_by=\"avia_inline_auto\" id=\"style-css-av-kwg6wf68-ede70d61d3fa535cb3ce2978cce49555\">\n#top .hr.hr-invisible.av-kwg6wf68-ede70d61d3fa535cb3ce2978cce49555{\nheight:50px;\n}\n<\/style>\n<div  class='hr av-kwg6wf68-ede70d61d3fa535cb3ce2978cce49555 hr-invisible  avia-builder-el-4  el_after_av_heading  el_before_av_headline_rotator '><span class='hr-inner '><span class=\"hr-inner-style\"><\/span><\/span><\/div><br \/>\n\n<style type=\"text\/css\" data-created_by=\"avia_inline_auto\" id=\"style-css-av-kwg6yble-a709b9b169c5be5ceb32036b8bedccc9\">\n#top .av-rotator-container.av-kwg6yble-a709b9b169c5be5ceb32036b8bedccc9{\ntext-align:center;\n}\n#top #wrap_all .av-rotator-container.av-kwg6yble-a709b9b169c5be5ceb32036b8bedccc9 .av-rotator-container-inner{\nfont-size:100px;\n}\n<\/style>\n<div  class='av-rotator-container av-rotation-container-center av-kwg6yble-a709b9b169c5be5ceb32036b8bedccc9  avia-builder-el-5  el_after_av_hr  avia-builder-el-last  av-fixed-rotator-width av-typewriter' data-interval='3' data-animation='typewriter' data-fixWidth='1'><h2 class='av-rotator-container-inner'>Hema T\u00eam!<span class='av-rotator-text av-rotator-multiline-off'>\n<span class='av-rotator-text-single av-kwg6x0zk-e95968498b402c72cbe07fb37e4a5d1c av-rotator-text-single-1' >Helbestan<\/span>\n<span class='av-rotator-text-single av-kwg6x6wg-d978d4fe8a0396b74ae2b78a6eb389f6 av-rotator-text-single-2' >\u00c7\u00eerok<\/span>\n<span class='av-rotator-text-single av-kwg6xdaw-12fedc102df791cb442fc195a9859827 av-rotator-text-single-3' >Pirt\u00fbkan<\/span>\n<span class='av-rotator-text-single av-kwg6xlvk-40d83a38648b8173c005f243081a350e av-rotator-text-single-4' >Niv\u00eestok<\/span>\n<span class='av-rotator-text-single av-kwg6xrvk-9828c09c0b4fa295999d55b4ddadc22e av-rotator-text-single-5' >D\u00eemane<\/span>\n<\/span><\/h2><\/div><\/p><\/div><\/div><\/div><\/div><!-- close content main div --><\/div><\/div><div id='after_section_1'  class='main_color av_default_container_wrap container_wrap sidebar_right'  ><div class='container av-section-cont-open' ><div class='template-page content  av-content-small alpha units'><div class='post-entry post-entry-type-page post-entry-7137'><div class='entry-content-wrapper clearfix'><\/p>\n","protected":false},"excerpt":{"rendered":"","protected":false},"author":1,"featured_media":6449,"parent":0,"menu_order":0,"comment_status":"closed","ping_status":"closed","template":"","meta":{"_monsterinsights_skip_tracking":false,"_monsterinsights_sitenote_active":false,"_monsterinsights_sitenote_note":"","_monsterinsights_sitenote_category":0,"footnotes":""},"class_list":["post-7137","page","type-page","status-publish","has-post-thumbnail","hentry"],"aioseo_notices":[],"_links":{"self":[{"href":"https:\/\/jalalmalaksha.com\/index.php?rest_route=\/wp\/v2\/pages\/7137","targetHints":{"allow":["GET"]}}],"collection":[{"href":"https:\/\/jalalmalaksha.com\/index.php?rest_route=\/wp\/v2\/pages"}],"about":[{"href":"https:\/\/jalalmalaksha.com\/index.php?rest_route=\/wp\/v2\/types\/page"}],"author":[{"embeddable":true,"href":"https:\/\/jalalmalaksha.com\/index.php?rest_route=\/wp\/v2\/users\/1"}],"replies":[{"embeddable":true,"href":"https:\/\/jalalmalaksha.com\/index.php?rest_route=%2Fwp%2Fv2%2Fcomments&post=7137"}],"version-history":[{"count":2,"href":"https:\/\/jalalmalaksha.com\/index.php?rest_route=\/wp\/v2\/pages\/7137\/revisions"}],"predecessor-version":[{"id":7157,"href":"https:\/\/jalalmalaksha.com\/index.php?rest_route=\/wp\/v2\/pages\/7137\/revisions\/7157"}],"wp:featuredmedia":[{"embeddable":true,"href":"https:\/\/jalalmalaksha.com\/index.php?rest_route=\/wp\/v2\/media\/6449"}],"wp:attachment":[{"href":"https:\/\/jalalmalaksha.com\/index.php?rest_route=%2Fwp%2Fv2%2Fmedia&parent=7137"}],"curies":[{"name":"wp","href":"https:\/\/api.w.org\/{rel}","templated":true}]}}