{"id":7036,"date":"2018-04-26T22:32:31","date_gmt":"2018-04-26T19:02:31","guid":{"rendered":"https:\/\/jalalmalaksha.com\/?page_id=7036"},"modified":"2021-11-26T14:00:10","modified_gmt":"2021-11-26T09:00:10","slug":"%d8%ac%db%95%d9%84%d8%a7%d9%84-%d9%85%db%95%d9%84%db%95%d9%83%d8%b4%d8%a7-3","status":"publish","type":"page","link":"https:\/\/jalalmalaksha.com\/?page_id=7036&lang=kr","title":{"rendered":"\u00c7\u00eerok Celal Melek\u015fa"},"content":{"rendered":"<p><div   class='avia-fullscreen-slider main_color   avia-builder-el-0  el_before_av_one_full  avia-builder-el-first  container_wrap sidebar_right'  ><div  class='avia-slideshow av-kmdxbxwy-57354dbe31d4eb4b04d78cb1ce8be6ea avia-slideshow-extra_large av_fullscreen avia-slide-slider av-slideshow-ui av-control-default av-slideshow-manual av-loop-once av-loop-manual-endless av-default-height-applied   avia-slideshow-1' data-slideshow-options=\"{&quot;animation&quot;:&quot;slide&quot;,&quot;autoplay&quot;:false,&quot;loop_autoplay&quot;:&quot;once&quot;,&quot;interval&quot;:5,&quot;loop_manual&quot;:&quot;manual-endless&quot;,&quot;autoplay_stopper&quot;:false,&quot;noNavigation&quot;:false,&quot;bg_slider&quot;:true,&quot;keep_padding&quot;:false,&quot;hoverpause&quot;:false,&quot;show_slide_delay&quot;:0,&quot;slide_height&quot;:&quot;100&quot;,&quot;image_attachment&quot;:&quot;&quot;}\"  itemprop=\"image\" itemscope=\"itemscope\" itemtype=\"https:\/\/schema.org\/ImageObject\" ><ul class='avia-slideshow-inner ' style='padding-bottom: 47.777777777778%;'><li style='background-position:center center;' data-img-url='https:\/\/jalalmalaksha.com\/wp-content\/uploads\/2021\/03\/jalalmalaksha-official.jpg' class='avia-slideshow-slide av-kmdxbxwy-57354dbe31d4eb4b04d78cb1ce8be6ea__0  av-single-slide slide-1 slide-odd'><div data-rel='slideshow-1' class='avia-slide-wrap '   ><\/div><\/li><\/ul><\/div><\/div><div id='after_full_slider_1'  class='main_color av_default_container_wrap container_wrap sidebar_right'  ><div class='container av-section-cont-open' ><div class='template-page content  av-content-small alpha units'><div class='post-entry post-entry-type-page post-entry-7036'><div class='entry-content-wrapper clearfix'><br \/>\n\n<style type=\"text\/css\" data-created_by=\"avia_inline_auto\" id=\"style-css-av-o5o709-a6b0457ba89a7d90ae2168cbd70425ec\">\n.flex_column.av-o5o709-a6b0457ba89a7d90ae2168cbd70425ec{\nborder-radius:0px 0px 0px 0px;\npadding:0px 0px 0px 0px;\n}\n<\/style>\n<div  class='flex_column av-o5o709-a6b0457ba89a7d90ae2168cbd70425ec av_one_full  avia-builder-el-1  el_after_av_fullscreen  avia-builder-el-no-sibling  first flex_column_div av-zero-column-padding  '     ><p>\n<style type=\"text\/css\" data-created_by=\"avia_inline_auto\" id=\"style-css-av-2aod0p-e68ff69976f8846bfdaa235e3f63def2\">\n#top .av-special-heading.av-2aod0p-e68ff69976f8846bfdaa235e3f63def2{\npadding-bottom:10px;\nfont-size:25px;\n}\nbody .av-special-heading.av-2aod0p-e68ff69976f8846bfdaa235e3f63def2 .av-special-heading-tag .heading-char{\nfont-size:25px;\n}\n#top #wrap_all .av-special-heading.av-2aod0p-e68ff69976f8846bfdaa235e3f63def2 .av-special-heading-tag{\nfont-size:25px;\n}\n.av-special-heading.av-2aod0p-e68ff69976f8846bfdaa235e3f63def2 .av-subheading{\nfont-size:22px;\n}\n\n@media only screen and (min-width: 480px) and (max-width: 767px){ \n#top #wrap_all .av-special-heading.av-2aod0p-e68ff69976f8846bfdaa235e3f63def2 .av-special-heading-tag{\nfont-size:0.8em;\n}\n}\n\n@media only screen and (max-width: 479px){ \n#top #wrap_all .av-special-heading.av-2aod0p-e68ff69976f8846bfdaa235e3f63def2 .av-special-heading-tag{\nfont-size:0.8em;\n}\n}\n<\/style>\n<div  class='av-special-heading av-2aod0p-e68ff69976f8846bfdaa235e3f63def2 av-special-heading-h1 blockquote modern-quote  avia-builder-el-2  el_before_av_hr  avia-builder-el-first  av-inherit-size'><h1 class='av-special-heading-tag'  itemprop=\"headline\"  >|\u25ba \u00c7\u00eerok<\/h1><div class='av-subheading av-subheading_below'><p>Em li ser malpera Celal Malek\u015fay\u00ea hewl didin ev \u00c7\u00eerok\u00ean ku ber\u00ea di rojname \u00fb kovaran de hatine we\u015fandin kom bikin \u00fb bidin ber dest\u00ea xwendevan\u00ean malpera Celal\u00ea Melek\u015fay\u00ea<\/p>\n<\/div><div class=\"special-heading-border\"><div class=\"special-heading-inner-border\"><\/div><\/div><\/div><br \/>\n\n<style type=\"text\/css\" data-created_by=\"avia_inline_auto\" id=\"style-css-av-kwg5kchv-767f316b175e64d169e3f4751febf173\">\n#top .hr.hr-invisible.av-kwg5kchv-767f316b175e64d169e3f4751febf173{\nheight:50px;\n}\n<\/style>\n<div  class='hr av-kwg5kchv-767f316b175e64d169e3f4751febf173 hr-invisible  avia-builder-el-3  el_after_av_heading  el_before_av_headline_rotator '><span class='hr-inner '><span class=\"hr-inner-style\"><\/span><\/span><\/div><br \/>\n\n<style type=\"text\/css\" data-created_by=\"avia_inline_auto\" id=\"style-css-av-kwg5m4r0-1c9f68ce454a353f663f2799ab21f8ab\">\n#top .av-rotator-container.av-kwg5m4r0-1c9f68ce454a353f663f2799ab21f8ab{\ntext-align:center;\n}\n#top #wrap_all .av-rotator-container.av-kwg5m4r0-1c9f68ce454a353f663f2799ab21f8ab .av-rotator-container-inner{\nfont-size:100px;\n}\n<\/style>\n<div  class='av-rotator-container av-rotation-container-center av-kwg5m4r0-1c9f68ce454a353f663f2799ab21f8ab  avia-builder-el-4  el_after_av_hr  avia-builder-el-last  av-fixed-rotator-width av-typewriter' data-interval='3' data-animation='typewriter' data-fixWidth='1'><h2 class='av-rotator-container-inner'>Hema T\u00eam!<span class='av-rotator-text av-rotator-multiline-off'>\n<span class='av-rotator-text-single av-kwg5kuhg-b131c4bde26b1e735d870533ce63eb1f av-rotator-text-single-1' >Helbestan<\/span>\n<span class='av-rotator-text-single av-kwg5l0ca-0c0ff12f99d756e1327226b59d12ab35 av-rotator-text-single-2' >\u00c7\u00eerok<\/span>\n<span class='av-rotator-text-single av-kwg5l5fo-8ee348091519bd27d03ccf55351f5932 av-rotator-text-single-3' >Pirt\u00fbkan<\/span>\n<span class='av-rotator-text-single av-kwg5lcmk-6032d3c169ecc301093d9226eb3f7fcb av-rotator-text-single-4' >Niv\u00eestok<\/span>\n<span class='av-rotator-text-single av-kwg5lkgs-ba05150e67956f9885caf1f6f827a46d av-rotator-text-single-5' >D\u00eemane<\/span>\n<\/span><\/h2><\/div><\/p><\/div><\/p>\n","protected":false},"excerpt":{"rendered":"","protected":false},"author":1,"featured_media":6449,"parent":0,"menu_order":0,"comment_status":"closed","ping_status":"closed","template":"","meta":{"_monsterinsights_skip_tracking":false,"_monsterinsights_sitenote_active":false,"_monsterinsights_sitenote_note":"","_monsterinsights_sitenote_category":0,"footnotes":""},"class_list":["post-7036","page","type-page","status-publish","has-post-thumbnail","hentry"],"aioseo_notices":[],"_links":{"self":[{"href":"https:\/\/jalalmalaksha.com\/index.php?rest_route=\/wp\/v2\/pages\/7036","targetHints":{"allow":["GET"]}}],"collection":[{"href":"https:\/\/jalalmalaksha.com\/index.php?rest_route=\/wp\/v2\/pages"}],"about":[{"href":"https:\/\/jalalmalaksha.com\/index.php?rest_route=\/wp\/v2\/types\/page"}],"author":[{"embeddable":true,"href":"https:\/\/jalalmalaksha.com\/index.php?rest_route=\/wp\/v2\/users\/1"}],"replies":[{"embeddable":true,"href":"https:\/\/jalalmalaksha.com\/index.php?rest_route=%2Fwp%2Fv2%2Fcomments&post=7036"}],"version-history":[{"count":3,"href":"https:\/\/jalalmalaksha.com\/index.php?rest_route=\/wp\/v2\/pages\/7036\/revisions"}],"predecessor-version":[{"id":7146,"href":"https:\/\/jalalmalaksha.com\/index.php?rest_route=\/wp\/v2\/pages\/7036\/revisions\/7146"}],"wp:featuredmedia":[{"embeddable":true,"href":"https:\/\/jalalmalaksha.com\/index.php?rest_route=\/wp\/v2\/media\/6449"}],"wp:attachment":[{"href":"https:\/\/jalalmalaksha.com\/index.php?rest_route=%2Fwp%2Fv2%2Fmedia&parent=7036"}],"curies":[{"name":"wp","href":"https:\/\/api.w.org\/{rel}","templated":true}]}}