{"id":7032,"date":"2017-12-08T23:17:19","date_gmt":"2017-12-08T19:47:19","guid":{"rendered":"https:\/\/jalalmalaksha.com\/?page_id=7032"},"modified":"2021-11-26T14:00:32","modified_gmt":"2021-11-26T09:00:32","slug":"%d8%aa%db%8e%da%a9%d8%b3%d8%aa","status":"publish","type":"page","link":"https:\/\/jalalmalaksha.com\/?page_id=7032&lang=kr","title":{"rendered":"Niv\u00eestok Celal Melek\u015fa"},"content":{"rendered":"<p><div   class='avia-fullscreen-slider main_color   avia-builder-el-0  el_before_av_one_full  avia-builder-el-first  container_wrap sidebar_right'  ><div  class='avia-slideshow av-kmdxcc22-685b93684ca1879a3761c70e17461200 avia-slideshow-extra_large av_fullscreen avia-slide-slider av-slideshow-ui av-control-default av-slideshow-manual av-loop-once av-loop-manual-endless av-default-height-applied   avia-slideshow-1' data-slideshow-options=\"{&quot;animation&quot;:&quot;slide&quot;,&quot;autoplay&quot;:false,&quot;loop_autoplay&quot;:&quot;once&quot;,&quot;interval&quot;:5,&quot;loop_manual&quot;:&quot;manual-endless&quot;,&quot;autoplay_stopper&quot;:false,&quot;noNavigation&quot;:false,&quot;bg_slider&quot;:true,&quot;keep_padding&quot;:false,&quot;hoverpause&quot;:false,&quot;show_slide_delay&quot;:0,&quot;slide_height&quot;:&quot;100&quot;,&quot;image_attachment&quot;:&quot;&quot;}\"  itemprop=\"image\" itemscope=\"itemscope\" itemtype=\"https:\/\/schema.org\/ImageObject\" ><ul class='avia-slideshow-inner ' style='padding-bottom: 47.777777777778%;'><li style='background-position:center center;' data-img-url='https:\/\/jalalmalaksha.com\/wp-content\/uploads\/2021\/03\/jalalmalaksha-official.jpg' class='avia-slideshow-slide av-kmdxcc22-685b93684ca1879a3761c70e17461200__0  av-single-slide slide-1 slide-odd'><div data-rel='slideshow-1' class='avia-slide-wrap '   ><\/div><\/li><\/ul><\/div><\/div><div id='after_full_slider_1'  class='main_color av_default_container_wrap container_wrap sidebar_right'  ><div class='container av-section-cont-open' ><div class='template-page content  av-content-small alpha units'><div class='post-entry post-entry-type-page post-entry-7032'><div class='entry-content-wrapper clearfix'><br \/>\n\n<style type=\"text\/css\" data-created_by=\"avia_inline_auto\" id=\"style-css-av-oow1td-ba6f93dfeecdc22b740591e323df13af\">\n.flex_column.av-oow1td-ba6f93dfeecdc22b740591e323df13af{\nborder-radius:0px 0px 0px 0px;\npadding:0px 0px 0px 0px;\n}\n<\/style>\n<div  class='flex_column av-oow1td-ba6f93dfeecdc22b740591e323df13af av_one_full  avia-builder-el-1  el_after_av_fullscreen  avia-builder-el-no-sibling  first flex_column_div av-zero-column-padding  '     ><p>\n<style type=\"text\/css\" data-created_by=\"avia_inline_auto\" id=\"style-css-av-m7o13l-922085e3ead6891b0800e4a3425f06ab\">\n#top .av-special-heading.av-m7o13l-922085e3ead6891b0800e4a3425f06ab{\npadding-bottom:10px;\nfont-size:25px;\n}\nbody .av-special-heading.av-m7o13l-922085e3ead6891b0800e4a3425f06ab .av-special-heading-tag .heading-char{\nfont-size:25px;\n}\n#top #wrap_all .av-special-heading.av-m7o13l-922085e3ead6891b0800e4a3425f06ab .av-special-heading-tag{\nfont-size:25px;\n}\n.av-special-heading.av-m7o13l-922085e3ead6891b0800e4a3425f06ab .av-subheading{\nfont-size:22px;\n}\n\n@media only screen and (min-width: 480px) and (max-width: 767px){ \n#top #wrap_all .av-special-heading.av-m7o13l-922085e3ead6891b0800e4a3425f06ab .av-special-heading-tag{\nfont-size:0.8em;\n}\n}\n\n@media only screen and (max-width: 479px){ \n#top #wrap_all .av-special-heading.av-m7o13l-922085e3ead6891b0800e4a3425f06ab .av-special-heading-tag{\nfont-size:0.8em;\n}\n}\n<\/style>\n<div  class='av-special-heading av-m7o13l-922085e3ead6891b0800e4a3425f06ab av-special-heading-h1 blockquote modern-quote  avia-builder-el-2  el_before_av_hr  avia-builder-el-first  av-inherit-size'><h1 class='av-special-heading-tag'  itemprop=\"headline\"  >|\u25ba Niv\u00eestok<\/h1><div class='av-subheading av-subheading_below'><p>Em li ser malpera Celal Malek\u015fay\u00ea hewl didin hem\u00ee ew niv\u00eestok \u00fb gotar\u00ean mamoste Celal Malek\u015fay\u00ea ku ber\u00ea di rojname \u00fb kovaran de hatine we\u015fandin kom bikin \u00fb bidin ber dest\u00ea xwendevan\u00ean malpera mamoste Celal\u00ea Melek\u015fay\u00ea.<\/p>\n<\/div><div class=\"special-heading-border\"><div class=\"special-heading-inner-border\"><\/div><\/div><\/div><br \/>\n\n<style type=\"text\/css\" data-created_by=\"avia_inline_auto\" id=\"style-css-av-26a81k-cbdb27b89079b5826b227d9a2021fd9a\">\n#top .hr.hr-invisible.av-26a81k-cbdb27b89079b5826b227d9a2021fd9a{\nheight:50px;\n}\n<\/style>\n<div  class='hr av-26a81k-cbdb27b89079b5826b227d9a2021fd9a hr-invisible  avia-builder-el-3  el_after_av_heading  el_before_av_headline_rotator '><span class='hr-inner '><span class=\"hr-inner-style\"><\/span><\/span><\/div><br \/>\n\n<style type=\"text\/css\" data-created_by=\"avia_inline_auto\" id=\"style-css-av-kwg5gpcs-14daeec593320df2627ed420f4b35c77\">\n#top .av-rotator-container.av-kwg5gpcs-14daeec593320df2627ed420f4b35c77{\ntext-align:center;\n}\n#top #wrap_all .av-rotator-container.av-kwg5gpcs-14daeec593320df2627ed420f4b35c77 .av-rotator-container-inner{\nfont-size:100px;\n}\n<\/style>\n<div  class='av-rotator-container av-rotation-container-center av-kwg5gpcs-14daeec593320df2627ed420f4b35c77  avia-builder-el-4  el_after_av_hr  avia-builder-el-last  av-fixed-rotator-width av-typewriter' data-interval='3' data-animation='typewriter' data-fixWidth='1'><h2 class='av-rotator-container-inner'>Hema T\u00eam<span class='av-rotator-text av-rotator-multiline-off'>\n<span class='av-rotator-text-single av-kwg5ex8c-9cc7d88205ce11a43602a9ffb8f5d38d av-rotator-text-single-1' >Helbestan<\/span>\n<span class='av-rotator-text-single av-kwg5f6ir-94c9a2e7983d810ce60c6694bff8a4cc av-rotator-text-single-2' >\u00c7\u00eerok<\/span>\n<span class='av-rotator-text-single av-kwg5g79v-798fc600f701cd67631198b8b9b2a1d0 av-rotator-text-single-3' >Pirt\u00fbkan<\/span>\n<span class='av-rotator-text-single av-kwg5fgxo-6d7863a17535fd45771960732ac2ef5f av-rotator-text-single-4' >Niv\u00eestok<\/span>\n<span class='av-rotator-text-single av-kwg5frfv-cfc98256c029e2abf5297556ca66904f av-rotator-text-single-5' >D\u00eemane<\/span>\n<\/span><\/h2><\/div><\/p><\/div><\/p>\n","protected":false},"excerpt":{"rendered":"","protected":false},"author":1,"featured_media":6449,"parent":0,"menu_order":0,"comment_status":"closed","ping_status":"closed","template":"","meta":{"_monsterinsights_skip_tracking":false,"_monsterinsights_sitenote_active":false,"_monsterinsights_sitenote_note":"","_monsterinsights_sitenote_category":0,"footnotes":""},"class_list":["post-7032","page","type-page","status-publish","has-post-thumbnail","hentry"],"aioseo_notices":[],"_links":{"self":[{"href":"https:\/\/jalalmalaksha.com\/index.php?rest_route=\/wp\/v2\/pages\/7032","targetHints":{"allow":["GET"]}}],"collection":[{"href":"https:\/\/jalalmalaksha.com\/index.php?rest_route=\/wp\/v2\/pages"}],"about":[{"href":"https:\/\/jalalmalaksha.com\/index.php?rest_route=\/wp\/v2\/types\/page"}],"author":[{"embeddable":true,"href":"https:\/\/jalalmalaksha.com\/index.php?rest_route=\/wp\/v2\/users\/1"}],"replies":[{"embeddable":true,"href":"https:\/\/jalalmalaksha.com\/index.php?rest_route=%2Fwp%2Fv2%2Fcomments&post=7032"}],"version-history":[{"count":4,"href":"https:\/\/jalalmalaksha.com\/index.php?rest_route=\/wp\/v2\/pages\/7032\/revisions"}],"predecessor-version":[{"id":7147,"href":"https:\/\/jalalmalaksha.com\/index.php?rest_route=\/wp\/v2\/pages\/7032\/revisions\/7147"}],"wp:featuredmedia":[{"embeddable":true,"href":"https:\/\/jalalmalaksha.com\/index.php?rest_route=\/wp\/v2\/media\/6449"}],"wp:attachment":[{"href":"https:\/\/jalalmalaksha.com\/index.php?rest_route=%2Fwp%2Fv2%2Fmedia&parent=7032"}],"curies":[{"name":"wp","href":"https:\/\/api.w.org\/{rel}","templated":true}]}}