{"id":7013,"date":"2017-12-02T14:53:56","date_gmt":"2017-12-02T11:23:56","guid":{"rendered":"https:\/\/jalalmalaksha.com\/?page_id=7013"},"modified":"2021-11-26T15:13:21","modified_gmt":"2021-11-26T10:13:21","slug":"%d9%be%db%95%db%8c%d9%88%db%95%d9%86%d8%af%db%8c","status":"publish","type":"page","link":"https:\/\/jalalmalaksha.com\/?page_id=7013&lang=kr","title":{"rendered":"Peywend\u00ee"},"content":{"rendered":"<p><div   class='avia-fullscreen-slider main_color   avia-builder-el-0  el_before_av_section  avia-builder-el-first  container_wrap sidebar_right'  ><div  class='avia-slideshow av-kmdxe3du-50b07808dafa42f6b064f4353a596968 avia-slideshow-extra_large av_fullscreen avia-slide-slider av-slideshow-ui av-control-default av-slideshow-manual av-loop-once av-loop-manual-endless av-default-height-applied   avia-slideshow-1' data-slideshow-options=\"{&quot;animation&quot;:&quot;slide&quot;,&quot;autoplay&quot;:false,&quot;loop_autoplay&quot;:&quot;once&quot;,&quot;interval&quot;:5,&quot;loop_manual&quot;:&quot;manual-endless&quot;,&quot;autoplay_stopper&quot;:false,&quot;noNavigation&quot;:false,&quot;bg_slider&quot;:true,&quot;keep_padding&quot;:false,&quot;hoverpause&quot;:false,&quot;show_slide_delay&quot;:0,&quot;slide_height&quot;:&quot;100&quot;,&quot;image_attachment&quot;:&quot;&quot;}\"  itemprop=\"image\" itemscope=\"itemscope\" itemtype=\"https:\/\/schema.org\/ImageObject\" ><ul class='avia-slideshow-inner ' style='padding-bottom: 47.777777777778%;'><li style='background-position:center center;' data-img-url='https:\/\/jalalmalaksha.com\/wp-content\/uploads\/2021\/03\/jalalmalaksha-official.jpg' class='avia-slideshow-slide av-kmdxe3du-50b07808dafa42f6b064f4353a596968__0  av-single-slide slide-1 slide-odd'><div data-rel='slideshow-1' class='avia-slide-wrap '   ><\/div><\/li><\/ul><\/div><\/div><br \/>\n<div id='av_section_1'  class='avia-section av-1uqs6c-782ea18a06ed57b12d584810a9db027a main_color avia-section-default avia-no-border-styling  avia-builder-el-1  el_after_av_fullscreen  avia-builder-el-last  avia-bg-style-scroll container_wrap sidebar_right'  ><div class='container av-section-cont-open' ><div class='template-page content  av-content-small alpha units'><div class='post-entry post-entry-type-page post-entry-7013'><div class='entry-content-wrapper clearfix'>\n\n<style type=\"text\/css\" data-created_by=\"avia_inline_auto\" id=\"style-css-av-40rn04-80d43e8ff72e4ac68c687ad842118f2b\">\n#top .av-special-heading.av-40rn04-80d43e8ff72e4ac68c687ad842118f2b{\npadding-bottom:0;\nfont-size:25px;\n}\nbody .av-special-heading.av-40rn04-80d43e8ff72e4ac68c687ad842118f2b .av-special-heading-tag .heading-char{\nfont-size:25px;\n}\n#top #wrap_all .av-special-heading.av-40rn04-80d43e8ff72e4ac68c687ad842118f2b .av-special-heading-tag{\nfont-size:25px;\n}\n.av-special-heading.av-40rn04-80d43e8ff72e4ac68c687ad842118f2b .av-subheading{\nfont-size:22px;\n}\n\n@media only screen and (min-width: 480px) and (max-width: 767px){ \n#top #wrap_all .av-special-heading.av-40rn04-80d43e8ff72e4ac68c687ad842118f2b .av-special-heading-tag{\nfont-size:0.8em;\n}\n}\n\n@media only screen and (max-width: 479px){ \n#top #wrap_all .av-special-heading.av-40rn04-80d43e8ff72e4ac68c687ad842118f2b .av-special-heading-tag{\nfont-size:0.8em;\n}\n}\n<\/style>\n<div  class='av-special-heading av-40rn04-80d43e8ff72e4ac68c687ad842118f2b av-special-heading-h3 blockquote modern-quote  avia-builder-el-2  el_before_av_heading  avia-builder-el-first  av-inherit-size'><h3 class='av-special-heading-tag'  itemprop=\"headline\"  >|\u25ba t\u00eakil\u00ee bi malpera Celal\u00ea Melek\u015fay\u00ea re<\/h3><div class='av-subheading av-subheading_below'><p>Xwendevan dikarin bi riya \u00eameyla- info@jalalmalaksha.com namey\u00ea bi malpera Celal\u00ea Melek\u015fay\u00ea re bi\u015f\u00eenin an bi forma \u015f\u00eeroveya we an j\u00ee bi r\u00eaya malper\u00ean civak\u00ee bi Celal\u00ea Melek\u015fay\u00ea re t\u00eakil\u00ee bikin. Her n\u00ear\u00een \u00fb pirs\u00ean ku div\u00ea b\u00eane bersivandin d\u00ea wer bersivandin. Em \u00ea n\u00ear\u00een \u00ean we bib\u00eenin \u00fb d\u00fbv re ew \u00ea di be\u015fa taybet\u00ee ya n\u00ear\u00een\u00ean we de li ser malpera ferm\u00ee ya Celal\u00ea Melek\u015fay\u00ea werin we\u015fandin.<\/p>\n<\/div><div class=\"special-heading-border\"><div class=\"special-heading-inner-border\"><\/div><\/div><\/div>\n\n<style type=\"text\/css\" data-created_by=\"avia_inline_auto\" id=\"style-css-av-2402ms-2c193a829c55fc9b4d2032199c9575e8\">\n#top .av-special-heading.av-2402ms-2c193a829c55fc9b4d2032199c9575e8{\npadding-bottom:0;\n}\nbody .av-special-heading.av-2402ms-2c193a829c55fc9b4d2032199c9575e8 .av-special-heading-tag .heading-char{\nfont-size:25px;\n}\n.av-special-heading.av-2402ms-2c193a829c55fc9b4d2032199c9575e8 .av-subheading{\nfont-size:15px;\n}\n<\/style>\n<div  class='av-special-heading av-2402ms-2c193a829c55fc9b4d2032199c9575e8 av-special-heading-h3  avia-builder-el-3  el_after_av_heading  el_before_av_contact '><h3 class='av-special-heading-tag'  itemprop=\"headline\"  >|\u25ba Forma n\u00ear\u00een\u00ea we<\/h3><div class=\"special-heading-border\"><div class=\"special-heading-inner-border\"><\/div><\/div><\/div>\n<form action=\"https:\/\/jalalmalaksha.com\/?page_id=7013&lang=kr\" method=\"post\" data-fields-with-error=\"Found errors in the following field(s):\" class=\"avia_ajax_form av-form-labels-hidden   avia-builder-el-4  el_after_av_heading  avia-builder-el-last   \" data-avia-form-id=\"1\" data-avia-redirect='' ><fieldset><p class='  first_form  form_element form_fullwidth' id='element_avia_1_1'><label for=\"avia_1_1\">nav\u00ea niv\u00eeskar <abbr class=\"required\" title=\"required\">*<\/abbr><\/label> <input name=\"avia_1_1\" class=\"text_input is_empty\" type=\"text\" id=\"avia_1_1\" value=\"\"  placeholder='nav\u00ea niv\u00eeskar*'\/><\/p><p class='  first_form  form_element form_fullwidth' id='element_avia_2_1'><label for=\"avia_2_1\">Email <abbr class=\"required\" title=\"required\">*<\/abbr><\/label> <input name=\"avia_2_1\" class=\"text_input is_email\" type=\"text\" id=\"avia_2_1\" value=\"\"  placeholder='Email*'\/><\/p><p class='  first_form  form_element form_fullwidth' id='element_avia_3_1'><label for=\"avia_3_1\" class=\"textare_label hidden textare_label_avia_3_1\">N\u00ear\u00een\u00ea xwe biniv\u00eese <abbr class=\"required\" title=\"required\">*<\/abbr><\/label><textarea  placeholder='N\u00ear\u00een\u00ea xwe biniv\u00eese*' name=\"avia_3_1\" class=\"text_area is_empty\" cols=\"40\" rows=\"7\" id=\"avia_3_1\" ><\/textarea><\/p><p class=\"hidden\"><input type=\"text\" name=\"avia_4_1\" class=\"hidden \" id=\"avia_4_1\" value=\"\" \/><\/p><p class='   form_element form_fullwidth' id='element_avia_5_1'><span class='value_verifier_label'>1 + 2 = ?<\/span><input name=\"avia_5_1_verifier\" type=\"hidden\" id=\"avia_5_1_verifier\" value=\"243347452\"\/><label for=\"avia_5_1\">Please prove that you are human by solving the equation <abbr class=\"required\" title=\"required\">*<\/abbr><\/label><input name=\"avia_5_1\" class=\"text_input captcha\" type=\"text\" id=\"avia_5_1\" value=\"\"\/><\/p><p class=\"form_element \"><input type=\"hidden\" value=\"1\" name=\"avia_generated_form1\" \/><input type=\"submit\" value=\"\u0628\u06cc\u0646\u06ce\u0631\u06d5\" class=\"button\"  data-sending-label=\"Sending\"\/><\/p><\/fieldset><\/form><div id=\"ajaxresponse_1\" class=\"ajaxresponse ajaxresponse_1 hidden\"><\/div>\n<\/div><\/div><\/div><!-- close content main div --><\/div><\/div><div id='after_section_1'  class='main_color av_default_container_wrap container_wrap sidebar_right'  ><div class='container av-section-cont-open' ><div class='template-page content  av-content-small alpha units'><div class='post-entry post-entry-type-page post-entry-7013'><div class='entry-content-wrapper clearfix'><\/p>\n","protected":false},"excerpt":{"rendered":"","protected":false},"author":1,"featured_media":6449,"parent":0,"menu_order":0,"comment_status":"closed","ping_status":"closed","template":"","meta":{"_monsterinsights_skip_tracking":false,"_monsterinsights_sitenote_active":false,"_monsterinsights_sitenote_note":"","_monsterinsights_sitenote_category":0,"footnotes":""},"class_list":["post-7013","page","type-page","status-publish","has-post-thumbnail","hentry"],"aioseo_notices":[],"_links":{"self":[{"href":"https:\/\/jalalmalaksha.com\/index.php?rest_route=\/wp\/v2\/pages\/7013","targetHints":{"allow":["GET"]}}],"collection":[{"href":"https:\/\/jalalmalaksha.com\/index.php?rest_route=\/wp\/v2\/pages"}],"about":[{"href":"https:\/\/jalalmalaksha.com\/index.php?rest_route=\/wp\/v2\/types\/page"}],"author":[{"embeddable":true,"href":"https:\/\/jalalmalaksha.com\/index.php?rest_route=\/wp\/v2\/users\/1"}],"replies":[{"embeddable":true,"href":"https:\/\/jalalmalaksha.com\/index.php?rest_route=%2Fwp%2Fv2%2Fcomments&post=7013"}],"version-history":[{"count":4,"href":"https:\/\/jalalmalaksha.com\/index.php?rest_route=\/wp\/v2\/pages\/7013\/revisions"}],"predecessor-version":[{"id":7159,"href":"https:\/\/jalalmalaksha.com\/index.php?rest_route=\/wp\/v2\/pages\/7013\/revisions\/7159"}],"wp:featuredmedia":[{"embeddable":true,"href":"https:\/\/jalalmalaksha.com\/index.php?rest_route=\/wp\/v2\/media\/6449"}],"wp:attachment":[{"href":"https:\/\/jalalmalaksha.com\/index.php?rest_route=%2Fwp%2Fv2%2Fmedia&parent=7013"}],"curies":[{"name":"wp","href":"https:\/\/api.w.org\/{rel}","templated":true}]}}